{"id":2,"date":"2023-05-12T11:18:04","date_gmt":"2023-05-12T11:18:04","guid":{"rendered":"http:\/\/byklyngenhurup.dk\/?page_id=2"},"modified":"2026-05-05T10:46:26","modified_gmt":"2026-05-05T10:46:26","slug":"forside","status":"publish","type":"page","link":"https:\/\/byklyngenhurup.dk\/","title":{"rendered":"FORSIDE"},"content":{"rendered":"\t\t<div data-elementor-type=\"wp-page\" data-elementor-id=\"2\" class=\"elementor elementor-2\">\n\t\t\t\t\t\t<section class=\"elementor-section elementor-top-section elementor-element elementor-element-7929870 elementor-section-height-min-height elementor-section-boxed elementor-section-height-default elementor-section-items-middle\" data-id=\"7929870\" data-element_type=\"section\" data-e-type=\"section\" data-settings=\"{&quot;background_background&quot;:&quot;slideshow&quot;,&quot;background_slideshow_gallery&quot;:[{&quot;id&quot;:1264,&quot;url&quot;:&quot;http:\\\/\\\/byklyngenhurup.dk\\\/wp-content\\\/uploads\\\/2025\\\/04\\\/Borgermode-11.mars-2025-COOP365.jpg&quot;},{&quot;id&quot;:23,&quot;url&quot;:&quot;http:\\\/\\\/byklyngenhurup.dk\\\/wp-content\\\/uploads\\\/2023\\\/05\\\/hurup-2030_0006_folkemoede.jpg&quot;},{&quot;id&quot;:24,&quot;url&quot;:&quot;http:\\\/\\\/byklyngenhurup.dk\\\/wp-content\\\/uploads\\\/2023\\\/05\\\/hurup-2030_0005_byklyngen-hurup-thy-udenfor.jpg&quot;},{&quot;id&quot;:26,&quot;url&quot;:&quot;http:\\\/\\\/byklyngenhurup.dk\\\/wp-content\\\/uploads\\\/2023\\\/05\\\/hurup-2030_0003_byklyngen-hurup-thy-byvandring.jpg&quot;},{&quot;id&quot;:958,&quot;url&quot;:&quot;http:\\\/\\\/byklyngenhurup.dk\\\/wp-content\\\/uploads\\\/2023\\\/06\\\/KunsthalJens001-scaled.jpg&quot;},{&quot;id&quot;:1267,&quot;url&quot;:&quot;http:\\\/\\\/byklyngenhurup.dk\\\/wp-content\\\/uploads\\\/2025\\\/04\\\/A90A6F95-scaled.jpg&quot;}],&quot;background_slideshow_lazyload&quot;:&quot;yes&quot;,&quot;background_slideshow_loop&quot;:&quot;yes&quot;,&quot;background_slideshow_slide_duration&quot;:5000,&quot;background_slideshow_slide_transition&quot;:&quot;fade&quot;,&quot;background_slideshow_transition_duration&quot;:500}\">\n\t\t\t\t\t\t\t<div class=\"elementor-background-overlay\"><\/div>\n\t\t\t\t\t\t\t<div class=\"elementor-container elementor-column-gap-default\">\n\t\t\t\t\t<div class=\"elementor-column elementor-col-100 elementor-top-column elementor-element elementor-element-8e6e178\" data-id=\"8e6e178\" data-element_type=\"column\" data-e-type=\"column\">\n\t\t\t<div class=\"elementor-widget-wrap\">\n\t\t\t\t\t\t\t<\/div>\n\t\t<\/div>\n\t\t\t\t\t<\/div>\n\t\t<\/section>\n\t\t\t\t<section class=\"elementor-section elementor-top-section elementor-element elementor-element-1dcee4e elementor-section-boxed elementor-section-height-default elementor-section-height-default\" data-id=\"1dcee4e\" data-element_type=\"section\" data-e-type=\"section\">\n\t\t\t\t\t\t<div class=\"elementor-container elementor-column-gap-default\">\n\t\t\t\t\t<div class=\"elementor-column elementor-col-100 elementor-top-column elementor-element elementor-element-7aa1137\" data-id=\"7aa1137\" data-element_type=\"column\" data-e-type=\"column\">\n\t\t\t<div class=\"elementor-widget-wrap\">\n\t\t\t\t\t\t\t<\/div>\n\t\t<\/div>\n\t\t\t\t\t<\/div>\n\t\t<\/section>\n\t\t\t\t<section class=\"elementor-section elementor-top-section elementor-element elementor-element-e12a6f5 elementor-section-boxed elementor-section-height-default elementor-section-height-default elementor-invisible\" data-id=\"e12a6f5\" data-element_type=\"section\" data-e-type=\"section\" data-settings=\"{&quot;animation&quot;:&quot;fadeIn&quot;}\">\n\t\t\t\t\t\t<div class=\"elementor-container elementor-column-gap-default\">\n\t\t\t\t\t<div class=\"elementor-column elementor-col-33 elementor-top-column elementor-element elementor-element-d221de5\" data-id=\"d221de5\" data-element_type=\"column\" data-e-type=\"column\">\n\t\t\t<div class=\"elementor-widget-wrap elementor-element-populated\">\n\t\t\t\t\t\t<div class=\"elementor-element elementor-element-30ee086 elementor-position-top elementor-widget elementor-widget-image-box\" data-id=\"30ee086\" data-element_type=\"widget\" data-e-type=\"widget\" data-widget_type=\"image-box.default\">\n\t\t\t\t<div class=\"elementor-widget-container\">\n\t\t\t\t\t<div class=\"elementor-image-box-wrapper\"><figure class=\"elementor-image-box-img\"><a href=\"https:\/\/byklyngenhurup.dk\/index.php\/vaer-med-2\/\" tabindex=\"-1\"><img fetchpriority=\"high\" decoding=\"async\" width=\"1024\" height=\"682\" src=\"https:\/\/byklyngenhurup.dk\/wp-content\/uploads\/2023\/05\/bliv-frivillig-i-Byklyngen-Hurup-Thy.jpg\" class=\"elementor-animation-float attachment-2048x2048 size-2048x2048 wp-image-98\" alt=\"\" srcset=\"https:\/\/byklyngenhurup.dk\/wp-content\/uploads\/2023\/05\/bliv-frivillig-i-Byklyngen-Hurup-Thy.jpg 1024w, https:\/\/byklyngenhurup.dk\/wp-content\/uploads\/2023\/05\/bliv-frivillig-i-Byklyngen-Hurup-Thy-300x200.jpg 300w, https:\/\/byklyngenhurup.dk\/wp-content\/uploads\/2023\/05\/bliv-frivillig-i-Byklyngen-Hurup-Thy-768x512.jpg 768w\" sizes=\"(max-width: 1024px) 100vw, 1024px\" \/><\/a><\/figure><div class=\"elementor-image-box-content\"><h3 class=\"elementor-image-box-title\"><a href=\"https:\/\/byklyngenhurup.dk\/index.php\/vaer-med-2\/\">V\u00e6r med - og hj\u00e6lp Hurup p\u00e5 vej<\/a><\/h3><p class=\"elementor-image-box-description\">L\u00e6s hvordan du kan tage del i, blive medlem eller st\u00f8tte Byklyngens arbejde...<\/p><\/div><\/div>\t\t\t\t<\/div>\n\t\t\t\t<\/div>\n\t\t\t\t\t<\/div>\n\t\t<\/div>\n\t\t\t\t<div class=\"elementor-column elementor-col-33 elementor-top-column elementor-element elementor-element-30e8001\" data-id=\"30e8001\" data-element_type=\"column\" data-e-type=\"column\">\n\t\t\t<div class=\"elementor-widget-wrap elementor-element-populated\">\n\t\t\t\t\t\t<div class=\"elementor-element elementor-element-7f8c74f elementor-position-top elementor-widget elementor-widget-image-box\" data-id=\"7f8c74f\" data-element_type=\"widget\" data-e-type=\"widget\" data-widget_type=\"image-box.default\">\n\t\t\t\t<div class=\"elementor-widget-container\">\n\t\t\t\t\t<div class=\"elementor-image-box-wrapper\"><figure class=\"elementor-image-box-img\"><a href=\"https:\/\/byklyngenhurup.dk\/index.php\/om\/\" tabindex=\"-1\"><img decoding=\"async\" width=\"996\" height=\"704\" src=\"https:\/\/byklyngenhurup.dk\/wp-content\/uploads\/2026\/05\/Organisering-Byklyngen-beskaret.png\" class=\"elementor-animation-float attachment-full size-full wp-image-1693\" alt=\"\" srcset=\"https:\/\/byklyngenhurup.dk\/wp-content\/uploads\/2026\/05\/Organisering-Byklyngen-beskaret.png 996w, https:\/\/byklyngenhurup.dk\/wp-content\/uploads\/2026\/05\/Organisering-Byklyngen-beskaret-300x212.png 300w, https:\/\/byklyngenhurup.dk\/wp-content\/uploads\/2026\/05\/Organisering-Byklyngen-beskaret-768x543.png 768w\" sizes=\"(max-width: 996px) 100vw, 996px\" \/><\/a><\/figure><div class=\"elementor-image-box-content\"><h3 class=\"elementor-image-box-title\"><a href=\"https:\/\/byklyngenhurup.dk\/index.php\/om\/\">Om Byklyngen Hurup<\/a><\/h3><p class=\"elementor-image-box-description\">Se vores vision, mission og m\u00e5l. Find ud af hvordan vi er organiseret, l\u00e6s vores vedt\u00e6gter mv.<\/p><\/div><\/div>\t\t\t\t<\/div>\n\t\t\t\t<\/div>\n\t\t\t\t\t<\/div>\n\t\t<\/div>\n\t\t\t\t<div class=\"elementor-column elementor-col-33 elementor-top-column elementor-element elementor-element-7459e6b\" data-id=\"7459e6b\" data-element_type=\"column\" data-e-type=\"column\">\n\t\t\t<div class=\"elementor-widget-wrap elementor-element-populated\">\n\t\t\t\t\t\t<div class=\"elementor-element elementor-element-0bf516d elementor-position-top elementor-widget elementor-widget-image-box\" data-id=\"0bf516d\" data-element_type=\"widget\" data-e-type=\"widget\" data-widget_type=\"image-box.default\">\n\t\t\t\t<div class=\"elementor-widget-container\">\n\t\t\t\t\t<div class=\"elementor-image-box-wrapper\"><figure class=\"elementor-image-box-img\"><a href=\"\/index.php\/sponsorer\/\" tabindex=\"-1\"><img decoding=\"async\" width=\"1547\" height=\"1044\" src=\"https:\/\/byklyngenhurup.dk\/wp-content\/uploads\/2023\/05\/WEB-byklyngen-hurup-thy-hotel-thinggaard-michael-thinggaard_gourmet-restaurant-30x20cm-300dpi.jpg\" class=\"elementor-animation-float attachment-full size-full wp-image-111\" alt=\"\" srcset=\"https:\/\/byklyngenhurup.dk\/wp-content\/uploads\/2023\/05\/WEB-byklyngen-hurup-thy-hotel-thinggaard-michael-thinggaard_gourmet-restaurant-30x20cm-300dpi.jpg 1547w, https:\/\/byklyngenhurup.dk\/wp-content\/uploads\/2023\/05\/WEB-byklyngen-hurup-thy-hotel-thinggaard-michael-thinggaard_gourmet-restaurant-30x20cm-300dpi-300x202.jpg 300w, https:\/\/byklyngenhurup.dk\/wp-content\/uploads\/2023\/05\/WEB-byklyngen-hurup-thy-hotel-thinggaard-michael-thinggaard_gourmet-restaurant-30x20cm-300dpi-1024x691.jpg 1024w, https:\/\/byklyngenhurup.dk\/wp-content\/uploads\/2023\/05\/WEB-byklyngen-hurup-thy-hotel-thinggaard-michael-thinggaard_gourmet-restaurant-30x20cm-300dpi-768x518.jpg 768w, https:\/\/byklyngenhurup.dk\/wp-content\/uploads\/2023\/05\/WEB-byklyngen-hurup-thy-hotel-thinggaard-michael-thinggaard_gourmet-restaurant-30x20cm-300dpi-1536x1037.jpg 1536w\" sizes=\"(max-width: 1547px) 100vw, 1547px\" \/><\/a><\/figure><div class=\"elementor-image-box-content\"><h3 class=\"elementor-image-box-title\"><a href=\"\/index.php\/sponsorer\/\">Tak for de mange sponsorater!<\/a><\/h3><p class=\"elementor-image-box-description\">\"Byklyngen Hurup Thy er funderet og sponsoreret af byens borgere, foreninger og erhvervsliv - det er helt unikt, at vi kan lave byudvikling p\u00e5 den m\u00e5de!\"                                              \n\nMichael Thinggaard, formand Byklyngen Hurup Thy<\/p><\/div><\/div>\t\t\t\t<\/div>\n\t\t\t\t<\/div>\n\t\t\t\t\t<\/div>\n\t\t<\/div>\n\t\t\t\t\t<\/div>\n\t\t<\/section>\n\t\t\t\t<section class=\"elementor-section elementor-top-section elementor-element elementor-element-f1822ae elementor-section-boxed elementor-section-height-default elementor-section-height-default\" data-id=\"f1822ae\" data-element_type=\"section\" data-e-type=\"section\">\n\t\t\t\t\t\t<div class=\"elementor-container elementor-column-gap-default\">\n\t\t\t\t\t<div class=\"elementor-column elementor-col-33 elementor-top-column elementor-element elementor-element-f96a27d\" data-id=\"f96a27d\" data-element_type=\"column\" data-e-type=\"column\">\n\t\t\t<div class=\"elementor-widget-wrap elementor-element-populated\">\n\t\t\t\t\t\t<div class=\"elementor-element elementor-element-dba31c3 elementor-position-top elementor-widget elementor-widget-image-box\" data-id=\"dba31c3\" data-element_type=\"widget\" data-e-type=\"widget\" data-widget_type=\"image-box.default\">\n\t\t\t\t<div class=\"elementor-widget-container\">\n\t\t\t\t\t<div class=\"elementor-image-box-wrapper\"><figure class=\"elementor-image-box-img\"><a href=\"https:\/\/byklyngenhurup.dk\/index.php\/projekter\/\" tabindex=\"-1\"><img loading=\"lazy\" decoding=\"async\" width=\"1318\" height=\"932\" src=\"https:\/\/byklyngenhurup.dk\/wp-content\/uploads\/2026\/05\/Hurup-messen_web-beskaaret.jpg\" class=\"elementor-animation-float attachment-2048x2048 size-2048x2048 wp-image-1695\" alt=\"\" srcset=\"https:\/\/byklyngenhurup.dk\/wp-content\/uploads\/2026\/05\/Hurup-messen_web-beskaaret.jpg 1318w, https:\/\/byklyngenhurup.dk\/wp-content\/uploads\/2026\/05\/Hurup-messen_web-beskaaret-300x212.jpg 300w, https:\/\/byklyngenhurup.dk\/wp-content\/uploads\/2026\/05\/Hurup-messen_web-beskaaret-1024x724.jpg 1024w, https:\/\/byklyngenhurup.dk\/wp-content\/uploads\/2026\/05\/Hurup-messen_web-beskaaret-768x543.jpg 768w\" sizes=\"(max-width: 1318px) 100vw, 1318px\" \/><\/a><\/figure><div class=\"elementor-image-box-content\"><h3 class=\"elementor-image-box-title\"><a href=\"https:\/\/byklyngenhurup.dk\/index.php\/projekter\/\">Projekter<\/a><\/h3><p class=\"elementor-image-box-description\">Bliv klogere p\u00e5 et udpluk af de konkrete arbejder, der er under udvikling eller afvikling som en del af Byklyngen Hurup Thy <\/p><\/div><\/div>\t\t\t\t<\/div>\n\t\t\t\t<\/div>\n\t\t\t\t\t<\/div>\n\t\t<\/div>\n\t\t\t\t<div class=\"elementor-column elementor-col-33 elementor-top-column elementor-element elementor-element-b2ef156\" data-id=\"b2ef156\" data-element_type=\"column\" data-e-type=\"column\">\n\t\t\t<div class=\"elementor-widget-wrap elementor-element-populated\">\n\t\t\t\t\t\t<div class=\"elementor-element elementor-element-d52f048 elementor-position-top elementor-widget elementor-widget-image-box\" data-id=\"d52f048\" data-element_type=\"widget\" data-e-type=\"widget\" data-widget_type=\"image-box.default\">\n\t\t\t\t<div class=\"elementor-widget-container\">\n\t\t\t\t\t<div class=\"elementor-image-box-wrapper\"><figure class=\"elementor-image-box-img\"><a href=\"http:\/\/byklyngenhurup.dk\/wp-content\/uploads\/2024\/01\/Byklyngen-Hurup-Thy_Udviklingsplan-2023_final_low-res-01-komprimeret.pdf\" target=\"_blank\" tabindex=\"-1\"><img decoding=\"async\" src=\"https:\/\/byklyngenhurup.dk\/wp-content\/uploads\/2023\/06\/2023_Hurup_illustrationsplan_A2_1-2000.png\" title=\"2023_Hurup_illustrationsplan_A2_1-2000\" alt=\"2023_Hurup_illustrationsplan_A2_1-2000\" class=\"elementor-animation-float\" loading=\"lazy\" \/><\/a><\/figure><div class=\"elementor-image-box-content\"><h3 class=\"elementor-image-box-title\"><a href=\"http:\/\/byklyngenhurup.dk\/wp-content\/uploads\/2024\/01\/Byklyngen-Hurup-Thy_Udviklingsplan-2023_final_low-res-01-komprimeret.pdf\" target=\"_blank\">Byklyngen Hurup Thy's udviklingsplan<\/a><\/h3><p class=\"elementor-image-box-description\">Oplev grundlaget for de n\u00e6ste ti \u00e5rs arbejde, herunder 60 delprojekter og hvorfor de er vigtige for Hurup og oplands udvikling! <\/p><\/div><\/div>\t\t\t\t<\/div>\n\t\t\t\t<\/div>\n\t\t\t\t\t<\/div>\n\t\t<\/div>\n\t\t\t\t<div class=\"elementor-column elementor-col-33 elementor-top-column elementor-element elementor-element-b7a1db8\" data-id=\"b7a1db8\" data-element_type=\"column\" data-e-type=\"column\">\n\t\t\t<div class=\"elementor-widget-wrap elementor-element-populated\">\n\t\t\t\t\t\t<div class=\"elementor-element elementor-element-0db32f3 elementor-position-top elementor-widget elementor-widget-image-box\" data-id=\"0db32f3\" data-element_type=\"widget\" data-e-type=\"widget\" data-widget_type=\"image-box.default\">\n\t\t\t\t<div class=\"elementor-widget-container\">\n\t\t\t\t\t<div class=\"elementor-image-box-wrapper\"><figure class=\"elementor-image-box-img\"><a href=\"https:\/\/byklyngenhurup.dk\/index.php\/kontakt\/\" tabindex=\"-1\"><img decoding=\"async\" src=\"https:\/\/byklyngenhurup.dk\/wp-content\/uploads\/2026\/05\/20260324_185431958_iOS_beskaaret-scaled.jpg\" title=\"20260324_185431958_iOS_beskaaret\" alt=\"20260324_185431958_iOS_beskaaret\" class=\"elementor-animation-float\" loading=\"lazy\" \/><\/a><\/figure><div class=\"elementor-image-box-content\"><h3 class=\"elementor-image-box-title\"><a href=\"https:\/\/byklyngenhurup.dk\/index.php\/kontakt\/\">Kontakt os<\/a><\/h3><p class=\"elementor-image-box-description\">Find kontaktoplysninger og find svar p\u00e5 de oftest stillede sp\u00f8rgsm\u00e5l.<\/p><\/div><\/div>\t\t\t\t<\/div>\n\t\t\t\t<\/div>\n\t\t\t\t\t<\/div>\n\t\t<\/div>\n\t\t\t\t\t<\/div>\n\t\t<\/section>\n\t\t\t\t<section class=\"elementor-section elementor-top-section elementor-element elementor-element-b457795 elementor-section-boxed elementor-section-height-default elementor-section-height-default\" data-id=\"b457795\" data-element_type=\"section\" data-e-type=\"section\">\n\t\t\t\t\t\t<div class=\"elementor-container elementor-column-gap-default\">\n\t\t\t\t\t<div class=\"elementor-column elementor-col-100 elementor-top-column elementor-element elementor-element-c53f445\" data-id=\"c53f445\" data-element_type=\"column\" data-e-type=\"column\">\n\t\t\t<div class=\"elementor-widget-wrap elementor-element-populated\">\n\t\t\t\t\t\t<div class=\"elementor-element elementor-element-44c72c8 elementor-widget elementor-widget-spacer\" data-id=\"44c72c8\" data-element_type=\"widget\" data-e-type=\"widget\" data-widget_type=\"spacer.default\">\n\t\t\t\t<div class=\"elementor-widget-container\">\n\t\t\t\t\t\t\t<div class=\"elementor-spacer\">\n\t\t\t<div class=\"elementor-spacer-inner\"><\/div>\n\t\t<\/div>\n\t\t\t\t\t\t<\/div>\n\t\t\t\t<\/div>\n\t\t\t\t\t<\/div>\n\t\t<\/div>\n\t\t\t\t\t<\/div>\n\t\t<\/section>\n\t\t\t\t<section class=\"elementor-section elementor-top-section elementor-element elementor-element-bc5f92f elementor-section-boxed elementor-section-height-default elementor-section-height-default\" data-id=\"bc5f92f\" data-element_type=\"section\" data-e-type=\"section\">\n\t\t\t\t\t\t<div class=\"elementor-container elementor-column-gap-default\">\n\t\t\t\t\t<div class=\"elementor-column elementor-col-50 elementor-top-column elementor-element elementor-element-acc6736\" data-id=\"acc6736\" data-element_type=\"column\" data-e-type=\"column\">\n\t\t\t<div class=\"elementor-widget-wrap elementor-element-populated\">\n\t\t\t\t\t\t<div class=\"elementor-element elementor-element-f441459 elementor-widget elementor-widget-text-editor\" data-id=\"f441459\" data-element_type=\"widget\" data-e-type=\"widget\" data-widget_type=\"text-editor.default\">\n\t\t\t\t<div class=\"elementor-widget-container\">\n\t\t\t\t\t\t\t\t\t<h3><strong>Byklyngen Hurup Thy arbejder for&#8230;<\/strong><\/h3>\t\t\t\t\t\t\t\t<\/div>\n\t\t\t\t<\/div>\n\t\t\t\t<div class=\"elementor-element elementor-element-5cbd1f7 elementor-align-start elementor-widget__width-initial elementor-icon-list--layout-traditional elementor-list-item-link-full_width elementor-widget elementor-widget-icon-list\" data-id=\"5cbd1f7\" data-element_type=\"widget\" data-e-type=\"widget\" data-widget_type=\"icon-list.default\">\n\t\t\t\t<div class=\"elementor-widget-container\">\n\t\t\t\t\t\t\t<ul class=\"elementor-icon-list-items\">\n\t\t\t\t\t\t\t<li class=\"elementor-icon-list-item\">\n\t\t\t\t\t\t\t\t\t\t\t<span class=\"elementor-icon-list-icon\">\n\t\t\t\t\t\t\t<i aria-hidden=\"true\" class=\"fas fa-users\"><\/i>\t\t\t\t\t\t<\/span>\n\t\t\t\t\t\t\t\t\t\t<span class=\"elementor-icon-list-text\">\u00d8get tiltr\u00e6kning af borgere, bes\u00f8gende og turister<\/span>\n\t\t\t\t\t\t\t\t\t<\/li>\n\t\t\t\t\t\t\t\t<li class=\"elementor-icon-list-item\">\n\t\t\t\t\t\t\t\t\t\t\t<span class=\"elementor-icon-list-icon\">\n\t\t\t\t\t\t\t<i aria-hidden=\"true\" class=\"fas fa-business-time\"><\/i>\t\t\t\t\t\t<\/span>\n\t\t\t\t\t\t\t\t\t\t<span class=\"elementor-icon-list-text\">Bedre rekrutteringsgrundlag for det lokale erhvervsliv<\/span>\n\t\t\t\t\t\t\t\t\t<\/li>\n\t\t\t\t\t\t\t\t<li class=\"elementor-icon-list-item\">\n\t\t\t\t\t\t\t\t\t\t\t<span class=\"elementor-icon-list-icon\">\n\t\t\t\t\t\t\t<i aria-hidden=\"true\" class=\"fas fa-theater-masks\"><\/i>\t\t\t\t\t\t<\/span>\n\t\t\t\t\t\t\t\t\t\t<span class=\"elementor-icon-list-text\">Flere tilbud til sports- og kulturinteresserede<\/span>\n\t\t\t\t\t\t\t\t\t<\/li>\n\t\t\t\t\t\t\t\t<li class=\"elementor-icon-list-item\">\n\t\t\t\t\t\t\t\t\t\t\t<span class=\"elementor-icon-list-icon\">\n\t\t\t\t\t\t\t<i aria-hidden=\"true\" class=\"fas fa-city\"><\/i>\t\t\t\t\t\t<\/span>\n\t\t\t\t\t\t\t\t\t\t<span class=\"elementor-icon-list-text\">Et smukkere Hurup<\/span>\n\t\t\t\t\t\t\t\t\t<\/li>\n\t\t\t\t\t\t<\/ul>\n\t\t\t\t\t\t<\/div>\n\t\t\t\t<\/div>\n\t\t\t\t\t<\/div>\n\t\t<\/div>\n\t\t\t\t<div class=\"elementor-column elementor-col-50 elementor-top-column elementor-element elementor-element-c71f5e7\" data-id=\"c71f5e7\" data-element_type=\"column\" data-e-type=\"column\">\n\t\t\t<div class=\"elementor-widget-wrap elementor-element-populated\">\n\t\t\t\t\t\t<div class=\"elementor-element elementor-element-c5a392a elementor-widget elementor-widget-testimonial\" data-id=\"c5a392a\" data-element_type=\"widget\" data-e-type=\"widget\" data-widget_type=\"testimonial.default\">\n\t\t\t\t<div class=\"elementor-widget-container\">\n\t\t\t\t\t\t\t<div class=\"elementor-testimonial-wrapper\">\n\t\t\t\t\t\t\t<div class=\"elementor-testimonial-content\">\"Jeg \u00f8nsker mere liv i Hurup og er med som frivillig for byens skyld.\"<\/div>\n\t\t\t\n\t\t\t\t\t\t<div class=\"elementor-testimonial-meta elementor-has-image elementor-testimonial-image-position-aside\">\n\t\t\t\t<div class=\"elementor-testimonial-meta-inner\">\n\t\t\t\t\t\t\t\t\t\t\t<div class=\"elementor-testimonial-image\">\n\t\t\t\t\t\t\t<img loading=\"lazy\" decoding=\"async\" width=\"676\" height=\"718\" src=\"https:\/\/byklyngenhurup.dk\/wp-content\/uploads\/2023\/05\/Skaermbillede-2023-05-15-kl.-13.13.19.png\" class=\"attachment-full size-full wp-image-118\" alt=\"Mikael S\u00f8gaard st\u00f8tter Byklyngen Hurup Thy.\" srcset=\"https:\/\/byklyngenhurup.dk\/wp-content\/uploads\/2023\/05\/Skaermbillede-2023-05-15-kl.-13.13.19.png 676w, https:\/\/byklyngenhurup.dk\/wp-content\/uploads\/2023\/05\/Skaermbillede-2023-05-15-kl.-13.13.19-282x300.png 282w\" sizes=\"(max-width: 676px) 100vw, 676px\" \/>\t\t\t\t\t\t<\/div>\n\t\t\t\t\t\n\t\t\t\t\t\t\t\t\t\t<div class=\"elementor-testimonial-details\">\n\t\t\t\t\t\t\t\t\t\t\t\t\t\t<div class=\"elementor-testimonial-name\">Mikael S\u00f8gaard<\/div>\n\t\t\t\t\t\t\t\t\t\t\t\t\t\t\t\t\t\t\t\t\t\t<div class=\"elementor-testimonial-job\">Teknisk direkt\u00f8r, Idealcombi<\/div>\n\t\t\t\t\t\t\t\t\t\t\t\t\t<\/div>\n\t\t\t\t\t\t\t\t\t<\/div>\n\t\t\t<\/div>\n\t\t\t\t\t<\/div>\n\t\t\t\t\t\t<\/div>\n\t\t\t\t<\/div>\n\t\t\t\t\t<\/div>\n\t\t<\/div>\n\t\t\t\t\t<\/div>\n\t\t<\/section>\n\t\t\t\t<section class=\"elementor-section elementor-top-section elementor-element elementor-element-ff9623f elementor-section-boxed elementor-section-height-default elementor-section-height-default elementor-invisible\" data-id=\"ff9623f\" data-element_type=\"section\" data-e-type=\"section\" data-settings=\"{&quot;background_background&quot;:&quot;gradient&quot;,&quot;animation&quot;:&quot;fadeIn&quot;}\">\n\t\t\t\t\t\t<div class=\"elementor-container elementor-column-gap-default\">\n\t\t\t\t\t<div class=\"elementor-column elementor-col-100 elementor-top-column elementor-element elementor-element-9544aeb\" data-id=\"9544aeb\" data-element_type=\"column\" data-e-type=\"column\">\n\t\t\t<div class=\"elementor-widget-wrap\">\n\t\t\t\t\t\t\t<\/div>\n\t\t<\/div>\n\t\t\t\t\t<\/div>\n\t\t<\/section>\n\t\t\t\t<section class=\"elementor-section elementor-top-section elementor-element elementor-element-1fd16b5 elementor-section-full_width elementor-section-height-default elementor-section-height-default elementor-invisible\" data-id=\"1fd16b5\" data-element_type=\"section\" data-e-type=\"section\" data-settings=\"{&quot;animation&quot;:&quot;fadeIn&quot;}\">\n\t\t\t\t\t\t<div class=\"elementor-container elementor-column-gap-default\">\n\t\t\t\t\t<div class=\"elementor-column elementor-col-100 elementor-top-column elementor-element elementor-element-dd27bc1\" data-id=\"dd27bc1\" data-element_type=\"column\" data-e-type=\"column\">\n\t\t\t<div class=\"elementor-widget-wrap elementor-element-populated\">\n\t\t\t\t\t\t<div class=\"elementor-element elementor-element-599cf10 elementor-widget elementor-widget-google_maps\" data-id=\"599cf10\" data-element_type=\"widget\" data-e-type=\"widget\" data-widget_type=\"google_maps.default\">\n\t\t\t\t<div class=\"elementor-widget-container\">\n\t\t\t\t\t\t\t<div class=\"elementor-custom-embed\">\n\t\t\t<iframe loading=\"lazy\"\n\t\t\t\t\tsrc=\"https:\/\/maps.google.com\/maps?q=Hurup%20Thy&#038;t=m&#038;z=10&#038;output=embed&#038;iwloc=near\"\n\t\t\t\t\ttitle=\"Hurup Thy\"\n\t\t\t\t\taria-label=\"Hurup Thy\"\n\t\t\t><\/iframe>\n\t\t<\/div>\n\t\t\t\t\t\t<\/div>\n\t\t\t\t<\/div>\n\t\t\t\t\t<\/div>\n\t\t<\/div>\n\t\t\t\t\t<\/div>\n\t\t<\/section>\n\t\t\t\t<\/div>\n\t\t","protected":false},"excerpt":{"rendered":"<p>V\u00e6r med &#8211; og hj\u00e6lp Hurup p\u00e5 vej L\u00e6s hvordan du kan tage del i, blive medlem eller st\u00f8tte Byklyngens arbejde&#8230; Om Byklyngen Hurup Se vores vision, mission og m\u00e5l. Find ud af hvordan vi er organiseret, l\u00e6s vores vedt\u00e6gter mv. Tak for de mange sponsorater! &#8220;Byklyngen Hurup Thy er funderet og sponsoreret af byens [&hellip;]<\/p>\n","protected":false},"author":1,"featured_media":0,"parent":0,"menu_order":0,"comment_status":"closed","ping_status":"closed","template":"elementor_header_footer","meta":{"footnotes":""},"class_list":["post-2","page","type-page","status-publish","hentry"],"_links":{"self":[{"href":"https:\/\/byklyngenhurup.dk\/index.php\/wp-json\/wp\/v2\/pages\/2","targetHints":{"allow":["GET"]}}],"collection":[{"href":"https:\/\/byklyngenhurup.dk\/index.php\/wp-json\/wp\/v2\/pages"}],"about":[{"href":"https:\/\/byklyngenhurup.dk\/index.php\/wp-json\/wp\/v2\/types\/page"}],"author":[{"embeddable":true,"href":"https:\/\/byklyngenhurup.dk\/index.php\/wp-json\/wp\/v2\/users\/1"}],"replies":[{"embeddable":true,"href":"https:\/\/byklyngenhurup.dk\/index.php\/wp-json\/wp\/v2\/comments?post=2"}],"version-history":[{"count":342,"href":"https:\/\/byklyngenhurup.dk\/index.php\/wp-json\/wp\/v2\/pages\/2\/revisions"}],"predecessor-version":[{"id":1734,"href":"https:\/\/byklyngenhurup.dk\/index.php\/wp-json\/wp\/v2\/pages\/2\/revisions\/1734"}],"wp:attachment":[{"href":"https:\/\/byklyngenhurup.dk\/index.php\/wp-json\/wp\/v2\/media?parent=2"}],"curies":[{"name":"wp","href":"https:\/\/api.w.org\/{rel}","templated":true}]}}